{"id":83,"date":"2023-12-10T06:48:11","date_gmt":"2023-12-10T06:48:11","guid":{"rendered":"https:\/\/dickburt.be\/?page_id=83"},"modified":"2025-07-28T11:55:12","modified_gmt":"2025-07-28T11:55:12","slug":"comment-je-pratique","status":"publish","type":"page","link":"https:\/\/dickburt.be\/?page_id=83","title":{"rendered":"comment je pratique?"},"content":{"rendered":"\n<p>Vous \u00eates install\u00e9 sur une table ou sur un tatami \u00e0 m\u00eame le sol en fonction de votre mobilit\u00e9, je vous sugg\u00e8re de vous habiller avec des v\u00eatements l\u00e9ger et confortable afin de rendre votre soin le plus agr\u00e9able possible.<\/p>\n\n\n\n<p>Lors de notre premi\u00e8re rencontre , je proc\u00e8de \u00e0 un petit \u00e9change verbal afin de prendre connaissance avec vous.<\/p>\n\n\n\n<p>Ensuite vous vous install\u00e9 confortablement sur la table (chauff\u00e9e) ou sur le tatami, si vous le d\u00e9sirez ou non j&rsquo;accompagne mon soin avec une musique d&rsquo;ambiance.<\/p>\n\n\n\n<p>Le soin que je vous propose peut varier en fonction de mon ressenti cela durer plus ou moins 1h. Possibilit\u00e9 de travailler par zones ce qui permets de recevoir un massage de 30 mins.<\/p>\n\n\n\n<p>Mon objectif est de vous amener \u00e0 une d\u00e9tente profonde dot\u00e9e d&rsquo;un petit moment d&rsquo;\u00e9vasion et de bien \u00eatre.<\/p>\n\n\n\n<p><\/p>\n","protected":false},"excerpt":{"rendered":"<p>Vous \u00eates install\u00e9 sur une table ou sur un tatami \u00e0 m\u00eame le sol en fonction de votre mobilit\u00e9, je vous sugg\u00e8re de vous habiller avec des v\u00eatements l\u00e9ger et confortable afin de rendre votre soin le plus agr\u00e9able possible. Lors de notre premi\u00e8re rencontre , je proc\u00e8de \u00e0 un petit \u00e9change verbal afin de &hellip; <\/p>\n<p class=\"link-more\"><a href=\"https:\/\/dickburt.be\/?page_id=83\" class=\"more-link\">Continuer la lecture<span class=\"screen-reader-text\"> de &laquo;&nbsp;comment je pratique?&nbsp;&raquo;<\/span><\/a><\/p>\n","protected":false},"author":1,"featured_media":0,"parent":0,"menu_order":0,"comment_status":"closed","ping_status":"closed","template":"","meta":{"footnotes":""},"class_list":["post-83","page","type-page","status-publish","hentry"],"_links":{"self":[{"href":"https:\/\/dickburt.be\/index.php?rest_route=\/wp\/v2\/pages\/83","targetHints":{"allow":["GET"]}}],"collection":[{"href":"https:\/\/dickburt.be\/index.php?rest_route=\/wp\/v2\/pages"}],"about":[{"href":"https:\/\/dickburt.be\/index.php?rest_route=\/wp\/v2\/types\/page"}],"author":[{"embeddable":true,"href":"https:\/\/dickburt.be\/index.php?rest_route=\/wp\/v2\/users\/1"}],"replies":[{"embeddable":true,"href":"https:\/\/dickburt.be\/index.php?rest_route=%2Fwp%2Fv2%2Fcomments&post=83"}],"version-history":[{"count":5,"href":"https:\/\/dickburt.be\/index.php?rest_route=\/wp\/v2\/pages\/83\/revisions"}],"predecessor-version":[{"id":145,"href":"https:\/\/dickburt.be\/index.php?rest_route=\/wp\/v2\/pages\/83\/revisions\/145"}],"wp:attachment":[{"href":"https:\/\/dickburt.be\/index.php?rest_route=%2Fwp%2Fv2%2Fmedia&parent=83"}],"curies":[{"name":"wp","href":"https:\/\/api.w.org\/{rel}","templated":true}]}}