{"id":81,"date":"2023-12-10T06:48:11","date_gmt":"2023-12-10T06:48:11","guid":{"rendered":"https:\/\/dickburt.be\/?page_id=81"},"modified":"2023-12-10T06:48:11","modified_gmt":"2023-12-10T06:48:11","slug":"le-shiatsu","status":"publish","type":"page","link":"https:\/\/dickburt.be\/?page_id=81","title":{"rendered":"Le Shiatsu"},"content":{"rendered":"\n<p>Qu&rsquo;est ce que c&rsquo;est?<\/p>\n\n\n\n<p>le shiatsu est une technique manuelle originaire du Japon se basant sur l&rsquo;utilisation des doigts, des paumes de la main en exer\u00e7ant des pressions, des \u00e9tirements et des manipulations du corps dans le but de faire circuler l&rsquo;\u00e9nergie. <\/p>\n\n\n\n<p>Le Shiatsu permet au corps de retrouver lui m\u00eame un \u00e9quilibre tant physique que \u00e9motionnel.<\/p>\n\n\n\n<p>La personne ( receveuse) du soin reste habill\u00e9e. Les pouces viennent appuy\u00e9s sur des zones pr\u00e9cises du corps. Le Shiatsu n&rsquo;est pas un massage comme tel, nous n&rsquo;utilisons pas d&rsquo;huile.<\/p>\n\n\n\n<p><\/p>\n","protected":false},"excerpt":{"rendered":"<p>Qu&rsquo;est ce que c&rsquo;est? le shiatsu est une technique manuelle originaire du Japon se basant sur l&rsquo;utilisation des doigts, des paumes de la main en exer\u00e7ant des pressions, des \u00e9tirements et des manipulations du corps dans le but de faire circuler l&rsquo;\u00e9nergie. Le Shiatsu permet au corps de retrouver lui m\u00eame un \u00e9quilibre tant physique &hellip; <\/p>\n<p class=\"link-more\"><a href=\"https:\/\/dickburt.be\/?page_id=81\" class=\"more-link\">Continuer la lecture<span class=\"screen-reader-text\"> de &laquo;&nbsp;Le Shiatsu&nbsp;&raquo;<\/span><\/a><\/p>\n","protected":false},"author":1,"featured_media":0,"parent":0,"menu_order":0,"comment_status":"closed","ping_status":"closed","template":"","meta":{"footnotes":""},"class_list":["post-81","page","type-page","status-publish","hentry"],"_links":{"self":[{"href":"https:\/\/dickburt.be\/index.php?rest_route=\/wp\/v2\/pages\/81","targetHints":{"allow":["GET"]}}],"collection":[{"href":"https:\/\/dickburt.be\/index.php?rest_route=\/wp\/v2\/pages"}],"about":[{"href":"https:\/\/dickburt.be\/index.php?rest_route=\/wp\/v2\/types\/page"}],"author":[{"embeddable":true,"href":"https:\/\/dickburt.be\/index.php?rest_route=\/wp\/v2\/users\/1"}],"replies":[{"embeddable":true,"href":"https:\/\/dickburt.be\/index.php?rest_route=%2Fwp%2Fv2%2Fcomments&post=81"}],"version-history":[{"count":1,"href":"https:\/\/dickburt.be\/index.php?rest_route=\/wp\/v2\/pages\/81\/revisions"}],"predecessor-version":[{"id":82,"href":"https:\/\/dickburt.be\/index.php?rest_route=\/wp\/v2\/pages\/81\/revisions\/82"}],"wp:attachment":[{"href":"https:\/\/dickburt.be\/index.php?rest_route=%2Fwp%2Fv2%2Fmedia&parent=81"}],"curies":[{"name":"wp","href":"https:\/\/api.w.org\/{rel}","templated":true}]}}