{"id":20,"date":"2023-11-24T17:52:44","date_gmt":"2023-11-24T17:52:44","guid":{"rendered":"https:\/\/dickburt.be\/?page_id=20"},"modified":"2025-07-28T12:03:26","modified_gmt":"2025-07-28T12:03:26","slug":"about","status":"publish","type":"page","link":"https:\/\/dickburt.be\/?page_id=20","title":{"rendered":"Qui suis-je?"},"content":{"rendered":"\n<p>Infirmi\u00e8re de formation, j&rsquo;ai pratiqu\u00e9 ce m\u00e9tier pendant 15 ans en milieu hospitalier et en tant qu&rsquo;infirmi\u00e8re ind\u00e9pendante (soins \u00e0 domicile). J&rsquo;ai toujours \u00e9t\u00e9 attir\u00e9e par le toucher massage relationnel, sujet de mon travail de fin d&rsquo;\u00e9tudes et appliqu\u00e9 aux patients.<\/p>\n\n\n\n<p>Mais il devenait de plus en plus difficile d&rsquo;appliquer cette dimension relationnelle dans mon travail d&rsquo;infirmi\u00e8re, qui correspondait de moins en moins \u00e0 mes valeurs. J&rsquo;ai donc d\u00e9cid\u00e9 de me tourner vers le massage Shiatsu, une th\u00e9rapie \u00e0 travers laquelle je retrouve le plaisir d&rsquo;offrir \u00e9quilibre et bien \u00eatre au receveur.<\/p>\n\n\n\n<p>J&rsquo;ai le plaisir de recevoir l&rsquo;enseignement du Shiatsu par <a href=\"https:\/\/mbh-move.com\/formation\">Majid BEN HAMMOU<\/a>, lui-m\u00eame form\u00e9 aupr\u00e8s de ma\u00eetres dans ce domaine (Ivan Bel ; Bernard Bouheret; Shigeru Onoda Sensei&#8230;). Cette formation, l&rsquo;exp\u00e9rience acquise en tant qu&rsquo;infirmi\u00e8re, et la bienveillance qui me caract\u00e9rise,  m&rsquo;ont amen\u00e9 \u00e0 vous proposer aujourd&rsquo;hui mes soins \u00e0 travers la pratique du Shiatsu.<\/p>\n\n\n\n<p>Apr\u00e8s ma premi\u00e8re ann\u00e9e d&rsquo;\u00e9tude en Shiatsu j&rsquo;ai d\u00e9sirer m&rsquo;ouvrir \u00e0 d&rsquo;autres formations afin de pouvoir proposer plusieurs soins tel que la mad\u00e9roth\u00e9rapie, le drainage du visage et la r\u00e9flexologie plantaire.<\/p>\n\n\n\n<p><\/p>\n\n\n\n<p><\/p>\n","protected":false},"excerpt":{"rendered":"<p>Infirmi\u00e8re de formation, j&rsquo;ai pratiqu\u00e9 ce m\u00e9tier pendant 15 ans en milieu hospitalier et en tant qu&rsquo;infirmi\u00e8re ind\u00e9pendante (soins \u00e0 domicile). J&rsquo;ai toujours \u00e9t\u00e9 attir\u00e9e par le toucher massage relationnel, sujet de mon travail de fin d&rsquo;\u00e9tudes et appliqu\u00e9 aux patients. Mais il devenait de plus en plus difficile d&rsquo;appliquer cette dimension relationnelle dans mon &hellip; <\/p>\n<p class=\"link-more\"><a href=\"https:\/\/dickburt.be\/?page_id=20\" class=\"more-link\">Continuer la lecture<span class=\"screen-reader-text\"> de &laquo;&nbsp;Qui suis-je?&nbsp;&raquo;<\/span><\/a><\/p>\n","protected":false},"author":1,"featured_media":0,"parent":0,"menu_order":0,"comment_status":"closed","ping_status":"closed","template":"","meta":{"footnotes":""},"class_list":["post-20","page","type-page","status-publish","hentry"],"_links":{"self":[{"href":"https:\/\/dickburt.be\/index.php?rest_route=\/wp\/v2\/pages\/20","targetHints":{"allow":["GET"]}}],"collection":[{"href":"https:\/\/dickburt.be\/index.php?rest_route=\/wp\/v2\/pages"}],"about":[{"href":"https:\/\/dickburt.be\/index.php?rest_route=\/wp\/v2\/types\/page"}],"author":[{"embeddable":true,"href":"https:\/\/dickburt.be\/index.php?rest_route=\/wp\/v2\/users\/1"}],"replies":[{"embeddable":true,"href":"https:\/\/dickburt.be\/index.php?rest_route=%2Fwp%2Fv2%2Fcomments&post=20"}],"version-history":[{"count":8,"href":"https:\/\/dickburt.be\/index.php?rest_route=\/wp\/v2\/pages\/20\/revisions"}],"predecessor-version":[{"id":149,"href":"https:\/\/dickburt.be\/index.php?rest_route=\/wp\/v2\/pages\/20\/revisions\/149"}],"wp:attachment":[{"href":"https:\/\/dickburt.be\/index.php?rest_route=%2Fwp%2Fv2%2Fmedia&parent=20"}],"curies":[{"name":"wp","href":"https:\/\/api.w.org\/{rel}","templated":true}]}}