{"id":19,"date":"2023-11-24T17:52:40","date_gmt":"2023-11-24T17:52:40","guid":{"rendered":"https:\/\/dickburt.be\/?page_id=19"},"modified":"2025-07-28T11:50:15","modified_gmt":"2025-07-28T11:50:15","slug":"home","status":"publish","type":"page","link":"https:\/\/dickburt.be\/","title":{"rendered":"Accueil"},"content":{"rendered":"\n<p>Bienvenue sur le site d&rsquo;Ariane Dickburt<\/p>\n\n\n\n<p>Si vous recherchez un moment de d\u00e9tente agr\u00e9able , relaxant et ressour\u00e7ant au travers d&rsquo;une s\u00e9ance de Shiatsu zen,  d&rsquo;une s\u00e9ance de mad\u00e9roth\u00e9rapie ou d&rsquo;une r\u00e9flexologie plantaire, pratiqu\u00e9e par une personne bienveillante et soucieuse de votre bien-\u00eatre, vous \u00eates au bon endroit.<\/p>\n","protected":false},"excerpt":{"rendered":"<p>Bienvenue sur le site d&rsquo;Ariane Dickburt Si vous recherchez un moment de d\u00e9tente agr\u00e9able , relaxant et ressour\u00e7ant au travers d&rsquo;une s\u00e9ance de Shiatsu zen, d&rsquo;une s\u00e9ance de mad\u00e9roth\u00e9rapie ou d&rsquo;une r\u00e9flexologie plantaire, pratiqu\u00e9e par une personne bienveillante et soucieuse de votre bien-\u00eatre, vous \u00eates au bon endroit.<\/p>\n","protected":false},"author":1,"featured_media":0,"parent":0,"menu_order":0,"comment_status":"closed","ping_status":"closed","template":"","meta":{"footnotes":""},"class_list":["post-19","page","type-page","status-publish","hentry"],"_links":{"self":[{"href":"https:\/\/dickburt.be\/index.php?rest_route=\/wp\/v2\/pages\/19","targetHints":{"allow":["GET"]}}],"collection":[{"href":"https:\/\/dickburt.be\/index.php?rest_route=\/wp\/v2\/pages"}],"about":[{"href":"https:\/\/dickburt.be\/index.php?rest_route=\/wp\/v2\/types\/page"}],"author":[{"embeddable":true,"href":"https:\/\/dickburt.be\/index.php?rest_route=\/wp\/v2\/users\/1"}],"replies":[{"embeddable":true,"href":"https:\/\/dickburt.be\/index.php?rest_route=%2Fwp%2Fv2%2Fcomments&post=19"}],"version-history":[{"count":5,"href":"https:\/\/dickburt.be\/index.php?rest_route=\/wp\/v2\/pages\/19\/revisions"}],"predecessor-version":[{"id":140,"href":"https:\/\/dickburt.be\/index.php?rest_route=\/wp\/v2\/pages\/19\/revisions\/140"}],"wp:attachment":[{"href":"https:\/\/dickburt.be\/index.php?rest_route=%2Fwp%2Fv2%2Fmedia&parent=19"}],"curies":[{"name":"wp","href":"https:\/\/api.w.org\/{rel}","templated":true}]}}