{"id":107,"date":"2023-12-10T08:02:36","date_gmt":"2023-12-10T08:02:36","guid":{"rendered":"https:\/\/dickburt.be\/?page_id=107"},"modified":"2025-07-28T12:33:44","modified_gmt":"2025-07-28T12:33:44","slug":"tarifs","status":"publish","type":"page","link":"https:\/\/dickburt.be\/?page_id=107","title":{"rendered":"tarifs"},"content":{"rendered":"\n<p><\/p>\n\n\n\n<ul class=\"wp-block-list\">\n<li>Shiatsu (1h15) 65\u20ac<\/li>\n<\/ul>\n\n\n\n<ul class=\"wp-block-list\">\n<li>Shiatsu s\u00e9ance suivante (1H) 55\u20ac<\/li>\n\n\n\n<li>Drainage lymphatique et mad\u00e9roth\u00e9rapie du visage (1H) 65\u20ac\n<ul class=\"wp-block-list\">\n<li>                     &#8211; Abonnement de 5 sc\u00e9ances 300\u20ac\n<ul class=\"wp-block-list\">\n<li>                     &#8211; Abonnement de 10 sc\u00e9ances 600\u20ac<\/li>\n<\/ul>\n<\/li>\n<\/ul>\n<\/li>\n\n\n\n<li>R\u00e9flexologie plantaire premi\u00e8re s\u00e9ance (1H30) 65\u20ac<\/li>\n\n\n\n<li>R\u00e9flexologie plantaire s\u00e9ance suivante (1H) 55\u20ac<\/li>\n<\/ul>\n\n\n\n<p>Vous b\u00e9n\u00e9ficierez d&rsquo;un soin qui vous am\u00e8nera \u00e0 une d\u00e9tente profonde dans un environnement chaleureux entour\u00e9 d&rsquo;arbres.<\/p>\n\n\n\n<p>Je vous re\u00e7ois dans mon cabinet qui se situe dans la maison familiale ou j&rsquo;ai eu le plaisir de grandir. <\/p>\n\n\n\n<p><\/p>\n","protected":false},"excerpt":{"rendered":"<p>Vous b\u00e9n\u00e9ficierez d&rsquo;un soin qui vous am\u00e8nera \u00e0 une d\u00e9tente profonde dans un environnement chaleureux entour\u00e9 d&rsquo;arbres. Je vous re\u00e7ois dans mon cabinet qui se situe dans la maison familiale ou j&rsquo;ai eu le plaisir de grandir.<\/p>\n","protected":false},"author":1,"featured_media":0,"parent":0,"menu_order":0,"comment_status":"closed","ping_status":"closed","template":"","meta":{"footnotes":""},"class_list":["post-107","page","type-page","status-publish","hentry"],"_links":{"self":[{"href":"https:\/\/dickburt.be\/index.php?rest_route=\/wp\/v2\/pages\/107","targetHints":{"allow":["GET"]}}],"collection":[{"href":"https:\/\/dickburt.be\/index.php?rest_route=\/wp\/v2\/pages"}],"about":[{"href":"https:\/\/dickburt.be\/index.php?rest_route=\/wp\/v2\/types\/page"}],"author":[{"embeddable":true,"href":"https:\/\/dickburt.be\/index.php?rest_route=\/wp\/v2\/users\/1"}],"replies":[{"embeddable":true,"href":"https:\/\/dickburt.be\/index.php?rest_route=%2Fwp%2Fv2%2Fcomments&post=107"}],"version-history":[{"count":6,"href":"https:\/\/dickburt.be\/index.php?rest_route=\/wp\/v2\/pages\/107\/revisions"}],"predecessor-version":[{"id":156,"href":"https:\/\/dickburt.be\/index.php?rest_route=\/wp\/v2\/pages\/107\/revisions\/156"}],"wp:attachment":[{"href":"https:\/\/dickburt.be\/index.php?rest_route=%2Fwp%2Fv2%2Fmedia&parent=107"}],"curies":[{"name":"wp","href":"https:\/\/api.w.org\/{rel}","templated":true}]}}